{"id":6241,"date":"2025-03-09T13:54:53","date_gmt":"2025-03-09T13:54:53","guid":{"rendered":"https:\/\/artstella-elixirs-floraux.com\/product\/compose-des-4-champignons-bloesem-remedies\/"},"modified":"2026-01-28T21:58:26","modified_gmt":"2026-01-28T21:58:26","slug":"compose-des-4-champignons-bloesem-remedies","status":"publish","type":"product","link":"https:\/\/artstella-elixirs-floraux.com\/fr_fr\/produit\/compose-des-4-champignons-bloesem-remedies\/","title":{"rendered":"COMPOS\u00c9 des 4 CHAMPIGNONS Bloesem remedies"},"content":{"rendered":"<p><em>Myc\u00e8ne, Coprin \u00e0 t\u00eate dor\u00e9e, Coprin \u00e0 flocons jaunes, Strophaire g\u00e9ant<\/em><\/p>\n","protected":false},"excerpt":{"rendered":"<p>Ce compos\u00e9 facilite l\u2019expression et la manifestation de qui l\u2019on est\u00a0; de fa\u00e7on \u00e0 \u00eatre capable de l\u2019exprimer clairement. Il est utile quand on a r\u00e9ussi l\u2019int\u00e9gration des aspects masculin et f\u00e9minin, mais que l\u2019intuition et la sph\u00e8re plus haute sont encore trop neuves et l\u2019on n\u2019a pas encore le courage de faire le prochain pas.<\/p>\n","protected":false},"featured_media":6242,"template":"","meta":[],"product_brand":[],"product_cat":[181],"product_tag":[],"class_list":{"0":"post-6241","1":"product","2":"type-product","3":"status-publish","4":"has-post-thumbnail","6":"product_cat-nouveaux-composes-hollandais","8":"first","9":"instock","10":"taxable","11":"shipping-taxable","12":"purchasable","13":"product-type-variable"},"etheme_brands":{"errors":{"invalid_taxonomy":["Taxonomie non valide."]},"error_data":[]},"jetpack_sharing_enabled":true,"jetpack-related-posts":[{"id":5442,"url":"https:\/\/artstella-elixirs-floraux.com\/fr_fr\/produit\/coprin-little-inky-cap-10-ml\/","url_meta":{"origin":6241,"position":0},"title":"Coprin &#8211; Little Inky Cap 10 ML","author":"eveapprill","date":"9 mars 2025","format":false,"excerpt":"Coprin \/ Coprinus xanthotrix (little inky cap\/Coprin) Ce petit champignon aide \u00e0 se lib\u00e9rer des \u00e9motions. \u00a0telle la col\u00e8re ainsi que des sch\u00e9mas familiaux souvent inconscients. A ceux qui se sentent vuln\u00e9rables, l\u2019\u00e9lixir apporte de la force \u00e9motionnelle\u00a0","rel":"","context":"Article similaire","block_context":{"text":"Article similaire","link":""},"img":{"alt_text":"","src":"","width":0,"height":0},"classes":[]},{"id":5968,"url":"https:\/\/artstella-elixirs-floraux.com\/fr_fr\/produit\/coprin-a-tete-doree-bloesem-10ml\/","url_meta":{"origin":6241,"position":1},"title":"COPRIN \u00c0 T\u00caTE DOR\u00c9E BLOESEM 10ML","author":"eveapprill","date":"9 mars 2025","format":false,"excerpt":"COPRIN \u00c0 T\u00caTE DOR\u00c9E - KASTANJE INKTZWAM \u2013- Coprinus auricomus Ce champignon nous aide \u00e0 agir \u00e0 partir de notre force originelle. Il nous recentre sur notre propre structure. Pour suivre le flux et le rythme du c\u0153ur et des poumons. Pour pers\u00e9v\u00e9rer malgr\u00e9 des blocages et le sentiment qu\u2019on\u2026","rel":"","context":"Article similaire","block_context":{"text":"Article similaire","link":""},"img":{"alt_text":"","src":"","width":0,"height":0},"classes":[]},{"id":6103,"url":"https:\/\/artstella-elixirs-floraux.com\/fr_fr\/produit\/coprin-chevelu-phi\/","url_meta":{"origin":6241,"position":2},"title":"Coprin chevelu PHI","author":"eveapprill","date":"9 mars 2025","format":false,"excerpt":"Coprin chevelu - Schopftintling: (Coprinus comatus) Pour ceux qui ont du mal \u00e0 se remettre en question et ont tendance \u00e0 critiquer.","rel":"","context":"Article similaire","block_context":{"text":"Article similaire","link":""},"img":{"alt_text":"","src":"","width":0,"height":0},"classes":[]},{"id":6175,"url":"https:\/\/artstella-elixirs-floraux.com\/fr_fr\/produit\/terra-extra-bloesem-remedies\/","url_meta":{"origin":6241,"position":3},"title":"TERRA EXTRA Bloesem Remedies","author":"eveapprill","date":"9 mars 2025","format":false,"excerpt":"TERRA EXTRA \u2013 Rem\u00e8de de premiers secours Terra Extra est un compos\u00e9 d\u2019\u00e9lixirss contenant les cinq essences qui se trouvent dans le Terra standard, sauf que Myc\u00e8ne\u00a0 est remplac\u00e9 par le Coprin \u00e0 t\u00eate dor\u00e9e.","rel":"","context":"Article similaire","block_context":{"text":"Article similaire","link":""},"img":{"alt_text":"","src":"https:\/\/i0.wp.com\/artstella-elixirs-floraux.com\/wp-content\/uploads\/2025\/03\/wp-image2179.png?resize=350%2C200&ssl=1","width":350,"height":200},"classes":[]},{"id":3485,"url":"https:\/\/artstella-elixirs-floraux.com\/fr_fr\/produit\/defend-and-protect-15-ml-ltoe\/","url_meta":{"origin":6241,"position":4},"title":"DEFEND AND PROTECT 15 ML LTOE","author":"eveapprill","date":"9 mars 2025","format":false,"excerpt":"Defend and Protect \/ D\u00e9fense et Protection * (Defender from the Dark et Protective Presence) Il y a une similarit\u00e9 entre ces deux orchid\u00e9es en ce qu\u2019elles apportent une attention \u00e0 toute \u00e9preuve face aux influences malignes. Quand on doit faire face \u00e0 des entit\u00e9s n\u00e9gatives, ce compos\u00e9 apporte une\u2026","rel":"","context":"Article similaire","block_context":{"text":"Article similaire","link":""},"img":{"alt_text":"","src":"https:\/\/i0.wp.com\/artstella-elixirs-floraux.com\/wp-content\/uploads\/2025\/03\/56bfa7bf-53e2-4519-8fed-67e2d0d481ea.jpg?resize=350%2C200&ssl=1","width":350,"height":200,"srcset":"https:\/\/i0.wp.com\/artstella-elixirs-floraux.com\/wp-content\/uploads\/2025\/03\/56bfa7bf-53e2-4519-8fed-67e2d0d481ea.jpg?resize=350%2C200&ssl=1 1x, https:\/\/i0.wp.com\/artstella-elixirs-floraux.com\/wp-content\/uploads\/2025\/03\/56bfa7bf-53e2-4519-8fed-67e2d0d481ea.jpg?resize=525%2C300&ssl=1 1.5x, https:\/\/i0.wp.com\/artstella-elixirs-floraux.com\/wp-content\/uploads\/2025\/03\/56bfa7bf-53e2-4519-8fed-67e2d0d481ea.jpg?resize=700%2C400&ssl=1 2x"},"classes":[]},{"id":3507,"url":"https:\/\/artstella-elixirs-floraux.com\/fr_fr\/produit\/party-time-ltoe-15-ml-mardi-gras\/","url_meta":{"origin":6241,"position":5},"title":"PARTY TIME LTOE 15 ML mardi gras","author":"eveapprill","date":"9 mars 2025","format":false,"excerpt":"Fiesta\/Party Time\u00a0 Il y a une saison pour tout, et ce complexe nous rappelle l\u2019importance de s\u2019amuser et de profiter des joies de la vie. Qu\u2019on danse pendant qu\u2019on peut encore y prendre plaisir ! La vie est une danse sensuelle et, avec ce complexe, on la f\u00eate !","rel":"","context":"Article similaire","block_context":{"text":"Article similaire","link":""},"img":{"alt_text":"","src":"https:\/\/i0.wp.com\/artstella-elixirs-floraux.com\/wp-content\/uploads\/2025\/03\/e06d4181-53de-4ea2-b048-538f39881478.jpg?resize=350%2C200&ssl=1","width":350,"height":200,"srcset":"https:\/\/i0.wp.com\/artstella-elixirs-floraux.com\/wp-content\/uploads\/2025\/03\/e06d4181-53de-4ea2-b048-538f39881478.jpg?resize=350%2C200&ssl=1 1x, https:\/\/i0.wp.com\/artstella-elixirs-floraux.com\/wp-content\/uploads\/2025\/03\/e06d4181-53de-4ea2-b048-538f39881478.jpg?resize=525%2C300&ssl=1 1.5x, https:\/\/i0.wp.com\/artstella-elixirs-floraux.com\/wp-content\/uploads\/2025\/03\/e06d4181-53de-4ea2-b048-538f39881478.jpg?resize=700%2C400&ssl=1 2x"},"classes":[]}],"_links":{"self":[{"href":"https:\/\/artstella-elixirs-floraux.com\/fr_fr\/wp-json\/wp\/v2\/product\/6241","targetHints":{"allow":["GET"]}}],"collection":[{"href":"https:\/\/artstella-elixirs-floraux.com\/fr_fr\/wp-json\/wp\/v2\/product"}],"about":[{"href":"https:\/\/artstella-elixirs-floraux.com\/fr_fr\/wp-json\/wp\/v2\/types\/product"}],"version-history":[{"count":1,"href":"https:\/\/artstella-elixirs-floraux.com\/fr_fr\/wp-json\/wp\/v2\/product\/6241\/revisions"}],"predecessor-version":[{"id":12044,"href":"https:\/\/artstella-elixirs-floraux.com\/fr_fr\/wp-json\/wp\/v2\/product\/6241\/revisions\/12044"}],"wp:featuredmedia":[{"embeddable":true,"href":"https:\/\/artstella-elixirs-floraux.com\/fr_fr\/wp-json\/wp\/v2\/media\/6242"}],"wp:attachment":[{"href":"https:\/\/artstella-elixirs-floraux.com\/fr_fr\/wp-json\/wp\/v2\/media?parent=6241"}],"wp:term":[{"taxonomy":"product_brand","embeddable":true,"href":"https:\/\/artstella-elixirs-floraux.com\/fr_fr\/wp-json\/wp\/v2\/product_brand?post=6241"},{"taxonomy":"product_cat","embeddable":true,"href":"https:\/\/artstella-elixirs-floraux.com\/fr_fr\/wp-json\/wp\/v2\/product_cat?post=6241"},{"taxonomy":"product_tag","embeddable":true,"href":"https:\/\/artstella-elixirs-floraux.com\/fr_fr\/wp-json\/wp\/v2\/product_tag?post=6241"}],"curies":[{"name":"wp","href":"https:\/\/api.w.org\/{rel}","templated":true}]}}