{"id":6255,"date":"2025-03-09T13:55:05","date_gmt":"2025-03-09T13:55:05","guid":{"rendered":"https:\/\/artstella-elixirs-floraux.com\/product\/elixir-ocean-n37-phi\/"},"modified":"2025-06-08T12:56:07","modified_gmt":"2025-06-08T12:56:07","slug":"elixir-ocean-n37-phi","status":"publish","type":"product","link":"https:\/\/artstella-elixirs-floraux.com\/fr_fr\/produit\/elixir-ocean-n37-phi\/","title":{"rendered":"ELIXIR OCEAN N\u00b037 PHI"},"content":{"rendered":"<p>Il nous ram\u00e8ne \u00e0 l\u2019\u00e9tat originel clair, pur, limpide.<\/p>\n","protected":false},"excerpt":{"rendered":"<p>L\u2019\u00e9lixir nous relie \u00e0 notre inconscient cellulaire. Exerce un effet purifiant . En apportant de la transparence. Les \u00e9motions n\u00e9gatives peuvent \u00eatre clarifi\u00e9es et d\u2019anciennes charges au niveau inconscient peuvent \u00eatre lib\u00e9r\u00e9es.<\/p>\n","protected":false},"featured_media":6256,"template":"","meta":[],"product_brand":[],"product_cat":[193],"product_tag":[],"class_list":{"0":"post-6255","1":"product","2":"type-product","3":"status-publish","4":"has-post-thumbnail","6":"product_cat-les-elixirs-ocean","8":"first","9":"instock","10":"taxable","11":"shipping-taxable","12":"purchasable","13":"product-type-simple"},"etheme_brands":{"errors":{"invalid_taxonomy":["Taxonomie non valide."]},"error_data":[]},"jetpack_sharing_enabled":true,"jetpack-related-posts":[{"id":6253,"url":"https:\/\/artstella-elixirs-floraux.com\/fr_fr\/produit\/elixir-ocean-n36-phi\/","url_meta":{"origin":6255,"position":0},"title":"ELIXIR OCEAN N\u00b036 PHI","author":"eveapprill","date":"9 mars 2025","format":false,"excerpt":"L\u2019\u00e9lixir montre une analogie avec le cerveau et la colonne vert\u00e9brale. Il a une action \u00e9nerg\u00e9tique\u00a0 sur la t\u00eate et le syst\u00e8me nerveux.\u00a0 Des blocages profonds de l\u2019inconscient peuvent appara\u00eetre \u00e0 la conscience et peuvent ainsi \u00eatre transform\u00e9s.","rel":"","context":"Article similaire","block_context":{"text":"Article similaire","link":""},"img":{"alt_text":"","src":"https:\/\/i0.wp.com\/artstella-elixirs-floraux.com\/wp-content\/uploads\/2025\/03\/wp-image2217.png?resize=350%2C200&ssl=1","width":350,"height":200},"classes":[]},{"id":6211,"url":"https:\/\/artstella-elixirs-floraux.com\/fr_fr\/produit\/elixir-ocean-n-26-phi-15ml\/","url_meta":{"origin":6255,"position":1},"title":"ELIXIR OCEAN N\u00b0 26 PHI 15ml","author":"eveapprill","date":"9 mars 2025","format":false,"excerpt":"ELIXIR OCEAN N\u00b0 26\u00a0 agit au niveau de l\u2019inconscient profond. Des sentiments profonds de peurs ou d\u2019ins\u00e9curit\u00e9 peuvent \u00eatre conscientis\u00e9s. Il am\u00e9liore et renforce la paix int\u00e9rieure et la confiance. Gr\u00e2ce \u00e0 cette confiance renouvel\u00e9e, il devient possible de se lib\u00e9rer des choses anciennes de fa\u00e7on \u00e0 pouvoir progresser int\u00e9rieurement.","rel":"","context":"Article similaire","block_context":{"text":"Article similaire","link":""},"img":{"alt_text":"","src":"","width":0,"height":0},"classes":[]},{"id":6223,"url":"https:\/\/artstella-elixirs-floraux.com\/fr_fr\/produit\/elixir-ocean-n32\/","url_meta":{"origin":6255,"position":2},"title":"ELIXIR OCEAN N\u00b032","author":"eveapprill","date":"9 mars 2025","format":false,"excerpt":"ELIXIR OCEAN N\u00b032\u00a0 nous relie avec les profondeurs de l\u2019inconscient. Les sentiments tels la honte, la peur ou la timidit\u00e9 peuvent devenir conscients et ainsi \u00eatre transform\u00e9s avec amour. Am\u00e9liore la conscience de soi permettant se d\u00e9passer de limitations int\u00e9rieures. Pour gagner de la confiance en soi.","rel":"","context":"Article similaire","block_context":{"text":"Article similaire","link":""},"img":{"alt_text":"","src":"https:\/\/i0.wp.com\/artstella-elixirs-floraux.com\/wp-content\/uploads\/2025\/03\/wp-image2206.png?resize=350%2C200&ssl=1","width":350,"height":200},"classes":[]},{"id":6259,"url":"https:\/\/artstella-elixirs-floraux.com\/fr_fr\/produit\/elixir-ocean-n40-phi\/","url_meta":{"origin":6255,"position":3},"title":"ELIXIR OCEAN N\u00b040 PHI","author":"eveapprill","date":"9 mars 2025","format":false,"excerpt":"L\u2019\u00e9lixir agit profond\u00e9ment sur l\u2019inconscient et nous aide \u00e0 prendre conscience de nos peurs et ins\u00e9curit\u00e9s anciennes, qui peuvent \u00eatre lib\u00e9r\u00e9es d\u2019une fa\u00e7on aimante.","rel":"","context":"Article similaire","block_context":{"text":"Article similaire","link":""},"img":{"alt_text":"","src":"https:\/\/i0.wp.com\/artstella-elixirs-floraux.com\/wp-content\/uploads\/2025\/03\/wp-image2220.png?resize=350%2C200&ssl=1","width":350,"height":200},"classes":[]},{"id":4099,"url":"https:\/\/artstella-elixirs-floraux.com\/fr_fr\/produit\/lama-el-chamaniques-15ml\/","url_meta":{"origin":6255,"position":4},"title":"LAMA EL CHAMANIQUES 15ML","author":"eveapprill","date":"9 mars 2025","format":false,"excerpt":"LAMA Protection \u2013 Renforce le c\u00f4t\u00e9 f\u00e9minin \u2013 R\u00e9confort de l\u2019inconscient. Elixir de protection permettant d\u2019affronter et de nettoyer les \u00e9nergies n\u00e9gatives qui nous entourent.","rel":"","context":"Article similaire","block_context":{"text":"Article similaire","link":""},"img":{"alt_text":"","src":"","width":0,"height":0},"classes":[]},{"id":6068,"url":"https:\/\/artstella-elixirs-floraux.com\/fr_fr\/produit\/elixir-ocean-n20-phi-15ml\/","url_meta":{"origin":6255,"position":5},"title":"ELIXIR OCEAN N\u00b020 PHI 15ML","author":"eveapprill","date":"9 mars 2025","format":false,"excerpt":"L\u2019\u00e9lixir relie avec les profondeurs de l\u2019inconscient, permettant la lib\u00e9ration d\u2019anciens blocages et sch\u00e9mas. Son action lib\u00e8re int\u00e9rieurement, nous rendant plus conscients des blocages encore pr\u00e9sents, en apportant de la clart\u00e9.","rel":"","context":"Article similaire","block_context":{"text":"Article similaire","link":""},"img":{"alt_text":"","src":"https:\/\/i0.wp.com\/artstella-elixirs-floraux.com\/wp-content\/uploads\/2025\/03\/wp-image2058.png?resize=350%2C200&ssl=1","width":350,"height":200},"classes":[]}],"_links":{"self":[{"href":"https:\/\/artstella-elixirs-floraux.com\/fr_fr\/wp-json\/wp\/v2\/product\/6255","targetHints":{"allow":["GET"]}}],"collection":[{"href":"https:\/\/artstella-elixirs-floraux.com\/fr_fr\/wp-json\/wp\/v2\/product"}],"about":[{"href":"https:\/\/artstella-elixirs-floraux.com\/fr_fr\/wp-json\/wp\/v2\/types\/product"}],"version-history":[{"count":0,"href":"https:\/\/artstella-elixirs-floraux.com\/fr_fr\/wp-json\/wp\/v2\/product\/6255\/revisions"}],"wp:featuredmedia":[{"embeddable":true,"href":"https:\/\/artstella-elixirs-floraux.com\/fr_fr\/wp-json\/wp\/v2\/media\/6256"}],"wp:attachment":[{"href":"https:\/\/artstella-elixirs-floraux.com\/fr_fr\/wp-json\/wp\/v2\/media?parent=6255"}],"wp:term":[{"taxonomy":"product_brand","embeddable":true,"href":"https:\/\/artstella-elixirs-floraux.com\/fr_fr\/wp-json\/wp\/v2\/product_brand?post=6255"},{"taxonomy":"product_cat","embeddable":true,"href":"https:\/\/artstella-elixirs-floraux.com\/fr_fr\/wp-json\/wp\/v2\/product_cat?post=6255"},{"taxonomy":"product_tag","embeddable":true,"href":"https:\/\/artstella-elixirs-floraux.com\/fr_fr\/wp-json\/wp\/v2\/product_tag?post=6255"}],"curies":[{"name":"wp","href":"https:\/\/api.w.org\/{rel}","templated":true}]}}