{"id":6262,"date":"2025-03-09T13:55:10","date_gmt":"2025-03-09T13:55:10","guid":{"rendered":"https:\/\/artstella-elixirs-floraux.com\/product\/jeu-cartes-australie-en-francais\/"},"modified":"2025-05-05T15:32:52","modified_gmt":"2025-05-05T15:32:52","slug":"jeu-cartes-australie-en-francais","status":"publish","type":"product","link":"https:\/\/artstella-elixirs-floraux.com\/fr_fr\/produit\/jeu-cartes-australie-en-francais\/","title":{"rendered":"JEU CARTES AUSTRALIE en fran\u00e7ais"},"content":{"rendered":"","protected":false},"excerpt":{"rendered":"<p>Un jeu de carte pr\u00e9sentant toutes les fleurs des \u00e9lixirs du Bush Australien. Tr\u00e8s pratique \u00e0 utiliser et notamment pour choisir les \u00e9lixirs.<\/p>\n","protected":false},"featured_media":6263,"template":"","meta":[],"product_brand":[],"product_cat":[158,157],"product_tag":[],"class_list":{"0":"post-6262","1":"product","2":"type-product","3":"status-publish","4":"has-post-thumbnail","6":"product_cat-livres-divers-francais","7":"product_cat-livres-et-cartes-sur-le-bush-australien","9":"first","10":"instock","11":"taxable","12":"shipping-taxable","13":"purchasable","14":"product-type-simple"},"etheme_brands":{"errors":{"invalid_taxonomy":["Taxonomie non valide."]},"error_data":[]},"jetpack_sharing_enabled":true,"jetpack-related-posts":[{"id":5269,"url":"https:\/\/artstella-elixirs-floraux.com\/fr_fr\/produit\/jeu-de-20-cartes-de-champignons\/","url_meta":{"origin":6262,"position":0},"title":"Jeu de 20 cartes de champignons","author":"eveapprill","date":"9 mars 2025","format":false,"excerpt":"Jeu de 20 cartes de champignons avec lesquels les \u00e9lixirs ont \u00e9t\u00e9 r\u00e9alis\u00e9s par Andr\u00e9as Korte","rel":"","context":"Article similaire","block_context":{"text":"Article similaire","link":""},"img":{"alt_text":"","src":"","width":0,"height":0},"classes":[]},{"id":4590,"url":"https:\/\/artstella-elixirs-floraux.com\/fr_fr\/produit\/jeu-cartes-australie-en-angais\/","url_meta":{"origin":6262,"position":1},"title":"JEU CARTES AUSTRALIE en angais","author":"eveapprill","date":"9 mars 2025","format":false,"excerpt":"Un jeu de carte pr\u00e9sentant toutes les fleurs des \u00e9lixirs du Bush Australien. Tr\u00e8s pratique \u00e0 utiliser et notamment pour choisir les \u00e9lixirs.","rel":"","context":"Article similaire","block_context":{"text":"Article similaire","link":""},"img":{"alt_text":"","src":"https:\/\/i0.wp.com\/artstella-elixirs-floraux.com\/wp-content\/uploads\/2025\/03\/wp-image1216.png?resize=350%2C200&ssl=1","width":350,"height":200,"srcset":"https:\/\/i0.wp.com\/artstella-elixirs-floraux.com\/wp-content\/uploads\/2025\/03\/wp-image1216.png?resize=350%2C200&ssl=1 1x, https:\/\/i0.wp.com\/artstella-elixirs-floraux.com\/wp-content\/uploads\/2025\/03\/wp-image1216.png?resize=525%2C300&ssl=1 1.5x"},"classes":[]},{"id":5271,"url":"https:\/\/artstella-elixirs-floraux.com\/fr_fr\/produit\/jeu-de-10-cartes-de-roses\/","url_meta":{"origin":6262,"position":2},"title":"Jeu de 10 cartes de roses","author":"","date":"9 mars 2025","format":false,"excerpt":"Jeu de 10 cartes de Roses avec lesquelles les \u00e9lixirs de roses ont \u00e9t\u00e9 r\u00e9alis\u00e9s par Andr\u00e9as Korte","rel":"","context":"Article similaire","block_context":{"text":"Article similaire","link":""},"img":{"alt_text":"","src":"","width":0,"height":0},"classes":[]},{"id":5265,"url":"https:\/\/artstella-elixirs-floraux.com\/fr_fr\/produit\/jeu-de-20-cartes-de-fleurs-de-cactus\/","url_meta":{"origin":6262,"position":3},"title":"Jeu de 20 cartes de fleurs de cactus","author":"eveapprill","date":"9 mars 2025","format":false,"excerpt":"Jeu de 20 cartes de fleurs de cactus repr\u00e9sentant les fleurs avec lesquelles les \u00e9lixirs de cactus ont \u00e9t\u00e9 r\u00e9alis\u00e9s par Andr\u00e9as Korte","rel":"","context":"Article similaire","block_context":{"text":"Article similaire","link":""},"img":{"alt_text":"","src":"","width":0,"height":0},"classes":[]},{"id":5257,"url":"https:\/\/artstella-elixirs-floraux.com\/fr_fr\/produit\/jeu-de-20-cartes-de-fleurs-dafrique\/","url_meta":{"origin":6262,"position":4},"title":"Jeu de 20 cartes de fleurs d&rsquo;Afrique","author":"eveapprill","date":"9 mars 2025","format":false,"excerpt":"Jeu de 20 cartes de fleurs d'Afrique et des Canaries repr\u00e9sentant les fleurs \u00e0 partir desquelles ces \u00e9lixirs ont \u00e9t\u00e9 r\u00e9alis\u00e9s","rel":"","context":"Article similaire","block_context":{"text":"Article similaire","link":""},"img":{"alt_text":"","src":"","width":0,"height":0},"classes":[]},{"id":5259,"url":"https:\/\/artstella-elixirs-floraux.com\/fr_fr\/produit\/jeu-de-40-cartes-de-fleurs-sauvages\/","url_meta":{"origin":6262,"position":5},"title":"Jeu de 40 cartes de fleurs sauvages","author":"","date":"9 mars 2025","format":false,"excerpt":"Jeu de 40 cartes de fleurs sauvages europ\u00e9ennes repr\u00e9sentant les fleurs \u00e0 partir desquelles ces \u00e9lixirs ont \u00e9t\u00e9 r\u00e9alis\u00e9s","rel":"","context":"Article similaire","block_context":{"text":"Article similaire","link":""},"img":{"alt_text":"","src":"","width":0,"height":0},"classes":[]}],"_links":{"self":[{"href":"https:\/\/artstella-elixirs-floraux.com\/fr_fr\/wp-json\/wp\/v2\/product\/6262","targetHints":{"allow":["GET"]}}],"collection":[{"href":"https:\/\/artstella-elixirs-floraux.com\/fr_fr\/wp-json\/wp\/v2\/product"}],"about":[{"href":"https:\/\/artstella-elixirs-floraux.com\/fr_fr\/wp-json\/wp\/v2\/types\/product"}],"version-history":[{"count":0,"href":"https:\/\/artstella-elixirs-floraux.com\/fr_fr\/wp-json\/wp\/v2\/product\/6262\/revisions"}],"wp:featuredmedia":[{"embeddable":true,"href":"https:\/\/artstella-elixirs-floraux.com\/fr_fr\/wp-json\/wp\/v2\/media\/6263"}],"wp:attachment":[{"href":"https:\/\/artstella-elixirs-floraux.com\/fr_fr\/wp-json\/wp\/v2\/media?parent=6262"}],"wp:term":[{"taxonomy":"product_brand","embeddable":true,"href":"https:\/\/artstella-elixirs-floraux.com\/fr_fr\/wp-json\/wp\/v2\/product_brand?post=6262"},{"taxonomy":"product_cat","embeddable":true,"href":"https:\/\/artstella-elixirs-floraux.com\/fr_fr\/wp-json\/wp\/v2\/product_cat?post=6262"},{"taxonomy":"product_tag","embeddable":true,"href":"https:\/\/artstella-elixirs-floraux.com\/fr_fr\/wp-json\/wp\/v2\/product_tag?post=6262"}],"curies":[{"name":"wp","href":"https:\/\/api.w.org\/{rel}","templated":true}]}}