{"id":6306,"date":"2025-03-09T13:55:43","date_gmt":"2025-03-09T13:55:43","guid":{"rendered":"https:\/\/artstella-elixirs-floraux.com\/product\/coffret-f-dameriques-1-22\/"},"modified":"2025-06-08T12:56:05","modified_gmt":"2025-06-08T12:56:05","slug":"coffret-f-dameriques-1-22","status":"publish","type":"product","link":"https:\/\/artstella-elixirs-floraux.com\/fr_fr\/produit\/coffret-f-dameriques-1-22\/","title":{"rendered":"COFFRET F D&rsquo;AMERIQUES 1-22"},"content":{"rendered":"","protected":false},"excerpt":{"rendered":"<p>Comprend les <strong>\u00e9lixirs de fleurs d&rsquo;Am\u00e9rique<\/strong> de 1-22<\/p>\n","protected":false},"featured_media":0,"template":"","meta":[],"product_brand":[],"product_cat":[143],"product_tag":[],"class_list":{"0":"post-6306","1":"product","2":"type-product","3":"status-publish","5":"product_cat-les-coffrets-sylfos","7":"first","8":"instock","9":"taxable","10":"shipping-taxable","11":"purchasable","12":"product-type-simple"},"etheme_brands":{"errors":{"invalid_taxonomy":["Taxonomie non valide."]},"error_data":[]},"jetpack_sharing_enabled":true,"jetpack-related-posts":[{"id":6307,"url":"https:\/\/artstella-elixirs-floraux.com\/fr_fr\/produit\/coffret-f-dameriques-23-44\/","url_meta":{"origin":6306,"position":0},"title":"COFFRET F D&rsquo;AMERIQUES 23-44","author":"eveapprill","date":"9 mars 2025","format":false,"excerpt":"Comprend les 22 \u00e9lixirs des Fleurs d'Am\u00e9rique Sylfos de 23-44","rel":"","context":"Article similaire","block_context":{"text":"Article similaire","link":""},"img":{"alt_text":"","src":"","width":0,"height":0},"classes":[]},{"id":5540,"url":"https:\/\/artstella-elixirs-floraux.com\/fr_fr\/produit\/coffret-ad-11-elixirs-15ml\/","url_meta":{"origin":6306,"position":1},"title":"COFFRET AD &#8211; 11 \u00e9lixirs 15ml","author":"eveapprill","date":"9 mars 2025","format":false,"excerpt":"Coffret pour se lib\u00e9rer des d\u00e9pendances 11 \u00e9lixirs de 15 ml \u00a0","rel":"","context":"Article similaire","block_context":{"text":"Article similaire","link":""},"img":{"alt_text":"","src":"https:\/\/i0.wp.com\/artstella-elixirs-floraux.com\/wp-content\/uploads\/2025\/03\/wp-image1765.png?resize=350%2C200&ssl=1","width":350,"height":200},"classes":[]},{"id":4584,"url":"https:\/\/artstella-elixirs-floraux.com\/fr_fr\/produit\/coffret-elixirs-bush-71-elixirs\/","url_meta":{"origin":6306,"position":2},"title":"COFFRET ELIXIRS BUSH 71 \u00e9lixirs","author":"eveapprill","date":"9 mars 2025","format":false,"excerpt":"COFFRET \u00c9LIXIRS BUSH 71 Fl 15 ML Comprend les 71 \u00e9lixirs floraux du Bush, \u00e9tiquettes; le livret est en anglais","rel":"","context":"Article similaire","block_context":{"text":"Article similaire","link":""},"img":{"alt_text":"Les coffrets elixirs du Bush australien","src":"https:\/\/i0.wp.com\/artstella-elixirs-floraux.com\/wp-content\/uploads\/2025\/03\/wp-image2458.png?resize=350%2C200&ssl=1","width":350,"height":200,"srcset":"https:\/\/i0.wp.com\/artstella-elixirs-floraux.com\/wp-content\/uploads\/2025\/03\/wp-image2458.png?resize=350%2C200&ssl=1 1x, https:\/\/i0.wp.com\/artstella-elixirs-floraux.com\/wp-content\/uploads\/2025\/03\/wp-image2458.png?resize=525%2C300&ssl=1 1.5x, https:\/\/i0.wp.com\/artstella-elixirs-floraux.com\/wp-content\/uploads\/2025\/03\/wp-image2458.png?resize=700%2C400&ssl=1 2x, https:\/\/i0.wp.com\/artstella-elixirs-floraux.com\/wp-content\/uploads\/2025\/03\/wp-image2458.png?resize=1050%2C600&ssl=1 3x"},"classes":[]},{"id":4551,"url":"https:\/\/artstella-elixirs-floraux.com\/fr_fr\/produit\/coffret-fleurs-sauvages-15-ml\/","url_meta":{"origin":6306,"position":3},"title":"COFFRET FLEURS SAUVAGES 15 ML","author":"eveapprill","date":"9 mars 2025","format":false,"excerpt":"Les \u00e9lixirs de 40 fleurs Sauvages R\u00e9alis\u00e9s avec des fleurs europ\u00e9ennes communes dans la nature.","rel":"","context":"Article similaire","block_context":{"text":"Article similaire","link":""},"img":{"alt_text":"","src":"","width":0,"height":0},"classes":[]},{"id":1959,"url":"https:\/\/artstella-elixirs-floraux.com\/fr_fr\/produit\/lupin-15-ml-fleur-sylfos\/","url_meta":{"origin":6306,"position":4},"title":"LUPIN 15 ML Tarwi FLEUR SYLFOS","author":"eveapprill","date":"26 ao\u00fbt 2025","format":false,"excerpt":"Lupin \/ Tarwi\u00a0 \u00a0\u00a0Lupinus perennis \u00a0Stimule la g\u00e9n\u00e9rosit\u00e9, l\u2019ouverture de soi, la solidarit\u00e9. Il aide au d\u00e9veloppement autonome de la personnalit\u00e9. Pour se rel\u00e2cher et naviguer dans le fleuve de la vie avec s\u00e9curit\u00e9 et confiance.\u00a0 Accompagne l\u2019accouchement.","rel":"","context":"Article similaire","block_context":{"text":"Article similaire","link":""},"img":{"alt_text":"","src":"https:\/\/i0.wp.com\/artstella-elixirs-floraux.com\/wp-content\/uploads\/2025\/03\/tarwi.jpg?resize=350%2C200&ssl=1","width":350,"height":200},"classes":[]},{"id":4581,"url":"https:\/\/artstella-elixirs-floraux.com\/fr_fr\/produit\/coffret-pyramide-white-light\/","url_meta":{"origin":6306,"position":5},"title":"COFFRET PYRAMIDE WHITE LIGHT","author":"eveapprill","date":"9 mars 2025","format":false,"excerpt":"Le COFFRET PYRAMIDE WHITE LIGHT contient les 7 \u00e9lixirs White Light, Lumi\u00e8re Blanche, soit Water \/ Eau, Earth \/ Terre, Fire \/ feu, Air, Devic, Higher self \/ moi sup\u00e9rieur et Angelic \/ Ang\u00e9lique, un livret en anglais et 1 CD Le livret en fran\u00e7ais est offert dans la mesure\u2026","rel":"","context":"Article similaire","block_context":{"text":"Article similaire","link":""},"img":{"alt_text":"","src":"","width":0,"height":0},"classes":[]}],"_links":{"self":[{"href":"https:\/\/artstella-elixirs-floraux.com\/fr_fr\/wp-json\/wp\/v2\/product\/6306","targetHints":{"allow":["GET"]}}],"collection":[{"href":"https:\/\/artstella-elixirs-floraux.com\/fr_fr\/wp-json\/wp\/v2\/product"}],"about":[{"href":"https:\/\/artstella-elixirs-floraux.com\/fr_fr\/wp-json\/wp\/v2\/types\/product"}],"version-history":[{"count":0,"href":"https:\/\/artstella-elixirs-floraux.com\/fr_fr\/wp-json\/wp\/v2\/product\/6306\/revisions"}],"wp:attachment":[{"href":"https:\/\/artstella-elixirs-floraux.com\/fr_fr\/wp-json\/wp\/v2\/media?parent=6306"}],"wp:term":[{"taxonomy":"product_brand","embeddable":true,"href":"https:\/\/artstella-elixirs-floraux.com\/fr_fr\/wp-json\/wp\/v2\/product_brand?post=6306"},{"taxonomy":"product_cat","embeddable":true,"href":"https:\/\/artstella-elixirs-floraux.com\/fr_fr\/wp-json\/wp\/v2\/product_cat?post=6306"},{"taxonomy":"product_tag","embeddable":true,"href":"https:\/\/artstella-elixirs-floraux.com\/fr_fr\/wp-json\/wp\/v2\/product_tag?post=6306"}],"curies":[{"name":"wp","href":"https:\/\/api.w.org\/{rel}","templated":true}]}}