{"id":6343,"date":"2025-03-09T13:56:49","date_gmt":"2025-03-09T13:56:49","guid":{"rendered":"https:\/\/artstella-elixirs-floraux.com\/product\/agrimony-15ml-phi\/"},"modified":"2025-05-27T16:55:25","modified_gmt":"2025-05-27T16:55:25","slug":"agrimony-15ml-phi","status":"publish","type":"product","link":"https:\/\/artstella-elixirs-floraux.com\/fr_fr\/produit\/agrimony-15ml-phi\/","title":{"rendered":"AGRIMONY 15ML PHI"},"content":{"rendered":"<p><strong><em>Agrimony (Agrimonia eupatoria) (Aigremoine)\u00a0 <\/em><\/strong>Permet l&rsquo;expression des sentiments et la communication avec autrui.<\/p>\n","protected":false},"excerpt":{"rendered":"<p><!-- [if gte mso 9]&gt;--><\/p>\n<p>800&#215;600<\/p>\n<p><!-- [if gte mso 9]&gt;--><\/p>\n<p>Normal<br \/>\n0<\/p>\n<p>21<\/p>\n<p>false<br \/>\nfalse<br \/>\nfalse<\/p>\n<p>FR<br \/>\nX-NONE<br \/>\nX-NONE<\/p>\n<p>MicrosoftInternetExplorer4<\/p>\n<p><!-- [if gte mso 9]&gt;--><\/p>\n<p><!-- [if gte mso 10]&gt;--><\/p>\n<p>\/* Style Definitions *\/<br \/>\ntable.MsoNormalTable<br \/>\n{mso-style-name:\u00a0\u00bbTableau Normal\u00a0\u00bb;<br \/>\nmso-tstyle-rowband-size:0;<br \/>\nmso-tstyle-colband-size:0;<br \/>\nmso-style-noshow:yes;<br \/>\nmso-style-priority:99;<br \/>\nmso-style-parent:\u00a0\u00bb\u00a0\u00bb;<br \/>\nmso-padding-alt:0cm 5.4pt 0cm 5.4pt;<br \/>\nmso-para-margin:0cm;<br \/>\nmso-para-margin-bottom:.0001pt;<br \/>\nmso-pagination:widow-orphan;<br \/>\nfont-size:10.0pt;<br \/>\nfont-family:\u00a0\u00bbTimes New Roman\u00a0\u00bb,serif;}<\/p>\n<p class=\"MsoNormal\" style=\"margin: 6pt 0cm 6pt 0cm;\"><b><span style=\"color: #000000;\">AGRIMONY <\/span><\/b><span style=\"color: #000000;\">AIGREMOINE<i> (AGRIMONIA EUPATORIA)<\/i>\u00a0\u00a0\u00a0\u00a0\u00a0\u00a0\u00a0\u00a0\u00a0\u00a0\u00a0\u00a0\u00a0\u00a0\u00a0\u00a0\u00a0 <\/span><\/p>\n<p class=\"MsoNormal\" style=\"margin: 6pt 0cm 6pt 0cm;\"><span style=\"color: #000000;\">Permet l&rsquo;expression des sentiments et la communication avec autrui.<\/span><\/p>\n","protected":false},"featured_media":6344,"template":"","meta":[],"product_brand":[],"product_cat":[127],"product_tag":[],"class_list":{"0":"post-6343","1":"product","2":"type-product","3":"status-publish","4":"has-post-thumbnail","6":"product_cat-les-fleurs-de-bach-phi","8":"first","9":"instock","10":"taxable","11":"shipping-taxable","12":"purchasable","13":"product-type-simple"},"etheme_brands":{"errors":{"invalid_taxonomy":["Taxonomie non valide."]},"error_data":[]},"jetpack_sharing_enabled":true,"jetpack-related-posts":[{"id":6237,"url":"https:\/\/artstella-elixirs-floraux.com\/fr_fr\/produit\/purete-zuivering-compose-bloesem-remedies\/","url_meta":{"origin":6343,"position":0},"title":"PURET\u00c9 &#8211; ZUIVERING COMPOSE BLOESEM REMEDIES","author":"eveapprill","date":"9 mars 2025","format":false,"excerpt":"Il purifie l\u2019\u00e2me et le corps et nous met en contact avec la terre. Il agit en nous faisant sentir vraiment bien dans notre peau et nous met en contact avec la puret\u00e9 originelle de notre \u00e2me. 12.00 Normal 0 21 false false false FR X-NONE X-NONE MicrosoftInternetExplorer4 \/* Style\u2026","rel":"","context":"Article similaire","block_context":{"text":"Article similaire","link":""},"img":{"alt_text":"","src":"","width":0,"height":0},"classes":[]},{"id":6205,"url":"https:\/\/artstella-elixirs-floraux.com\/fr_fr\/produit\/elixir-ocean-n23-phi-15ml\/","url_meta":{"origin":6343,"position":1},"title":"ELIXIR OCEAN N\u00b023 PHI 15ML","author":"eveapprill","date":"9 mars 2025","format":false,"excerpt":"\u00a0ELIXIR OCEAN N\u00b023agit \u00e9nerg\u00e9tiquement sur les peurs tr\u00e8s profond\u00e9ment ancr\u00e9es dans le subconscient. Il nous aide \u00e0 rel\u00e2cher les peurs dans les relations. Nous apprenons \u00e0 donner \u00e0 l\u2019autre la libert\u00e9 dont il \/ elle a besoin pour retrouver une pleine confiance. Pour laisser la libert\u00e9, vivre la libert\u00e9 et\u2026","rel":"","context":"Article similaire","block_context":{"text":"Article similaire","link":""},"img":{"alt_text":"","src":"https:\/\/i0.wp.com\/artstella-elixirs-floraux.com\/wp-content\/uploads\/2025\/03\/wp-image2197.png?resize=350%2C200&ssl=1","width":350,"height":200},"classes":[]},{"id":6091,"url":"https:\/\/artstella-elixirs-floraux.com\/fr_fr\/produit\/collier-orque-phi\/","url_meta":{"origin":6343,"position":2},"title":"COLLIER \u00ab\u00a0ORQUE\u00a0\u00bb PHI","author":"eveapprill","date":"9 mars 2025","format":false,"excerpt":"Le collier \u00ab Orque \u00bb poss\u00e8de une forte action au niveau du chakra du c\u0153ur et nous relie \u00e0 la cinqui\u00e8me dimension. Pour \u00eatre reli\u00e9 \u00e0 notre force int\u00e9rieure et \u00e0 la lumi\u00e8re et puiser dans notre potentiel de cr\u00e9ation. Normal 0 21 false false false FR X-NONE X-NONE MicrosoftInternetExplorer4\u2026","rel":"","context":"Article similaire","block_context":{"text":"Article similaire","link":""},"img":{"alt_text":"","src":"","width":0,"height":0},"classes":[]},{"id":6382,"url":"https:\/\/artstella-elixirs-floraux.com\/fr_fr\/produit\/elixir-ocean-n42-phi-15-ml\/","url_meta":{"origin":6343,"position":3},"title":"Elixir Ocean n\u00b042 PHI 15 ml","author":"eveapprill","date":"9 mars 2025","format":false,"excerpt":"800x600 Normal 0 21 false false false FR X-NONE X-NONE \/* Style Definitions *\/ table.MsoNormalTable {mso-style-name:\"Tableau Normal\"; mso-tstyle-rowband-size:0; mso-tstyle-colband-size:0; mso-style-noshow:yes; mso-style-priority:99; mso-style-parent:\"\"; mso-padding-alt:0cm 5.4pt 0cm 5.4pt; mso-para-margin:0cm; mso-para-margin-bottom:.0001pt; mso-pagination:widow-orphan; font-size:10.0pt; font-family:\"Calibri\",sans-serif; mso-bidi-font-family:\"Times New Roman\";} L\u2019\u00e9lixir apporte clart\u00e9 et transparence. \u00c9nerg\u00e9tiquement son action soutient le 2\u00e8me chakra;","rel":"","context":"Article similaire","block_context":{"text":"Article similaire","link":""},"img":{"alt_text":"","src":"https:\/\/i0.wp.com\/artstella-elixirs-floraux.com\/wp-content\/uploads\/2025\/03\/wp-image2462.png?resize=350%2C200&ssl=1","width":350,"height":200},"classes":[]},{"id":6392,"url":"https:\/\/artstella-elixirs-floraux.com\/fr_fr\/produit\/libertad-15ml-sylfos\/","url_meta":{"origin":6343,"position":4},"title":"LIBERTAD 15ml Sylfos","author":"eveapprill","date":"9 mars 2025","format":false,"excerpt":"v:* {behavior:url(#default#VML);} o:* {behavior:url(#default#VML);} w:* {behavior:url(#default#VML);} .shape {behavior:url(#default#VML);} Normal 0 false 21 false false false ES-CL X-NONE X-NONE \/* Style Definitions *\/ table.MsoNormalTable {mso-style-name:\"Tableau Normal\"; mso-tstyle-rowband-size:0; mso-tstyle-colband-size:0; mso-style-noshow:yes; mso-style-priority:99; mso-style-parent:\"\"; mso-padding-alt:0cm 5.4pt 0cm 5.4pt; mso-para-margin:0cm; mso-para-margin-bottom:.0001pt; mso-pagination:widow-orphan; font-size:12.0pt; font-family:\"Calibri\",sans-serif; mso-ascii-font-family:Calibri; mso-ascii-theme-font:minor-latin; mso-hansi-font-family:Calibri; mso-hansi-theme-font:minor-latin; mso-bidi-font-family:\"Times New Roman\"; mso-bidi-theme-font:minor-bidi; mso-font-kerning:1.0pt; mso-ligatures:standardcontextual; mso-ansi-language:ES-CL;\u2026","rel":"","context":"Article similaire","block_context":{"text":"Article similaire","link":""},"img":{"alt_text":"","src":"https:\/\/i0.wp.com\/artstella-elixirs-floraux.com\/wp-content\/uploads\/2025\/03\/wp-image2487.png?resize=350%2C200&ssl=1","width":350,"height":200},"classes":[]},{"id":6351,"url":"https:\/\/artstella-elixirs-floraux.com\/fr_fr\/produit\/ad-10-p-15ml-phi\/","url_meta":{"origin":6343,"position":5},"title":"AD-10 P 15ML PHI","author":"eveapprill","date":"9 mars 2025","format":false,"excerpt":"800x600 Normal 0 21 false false false FR X-NONE X-NONE MicrosoftInternetExplorer4 \/* Style Definitions *\/ table.MsoNormalTable {mso-style-name:\"Tableau Normal\"; mso-tstyle-rowband-size:0; mso-tstyle-colband-size:0; mso-style-noshow:yes; mso-style-priority:99; mso-style-parent:\"\"; mso-padding-alt:0cm 5.4pt 0cm 5.4pt; mso-para-margin:0cm; mso-para-margin-bottom:.0001pt; mso-pagination:widow-orphan; font-size:10.0pt; font-family:\"Times New Roman\",serif;} AD \u2013 10 P (Lophophora williamsii) Aide les personnes qui se sentent comme d\u00e9poss\u00e9d\u00e9s et qui\u2026","rel":"","context":"Article similaire","block_context":{"text":"Article similaire","link":""},"img":{"alt_text":"","src":"https:\/\/i0.wp.com\/artstella-elixirs-floraux.com\/wp-content\/uploads\/2025\/03\/wp-image2352.png?resize=350%2C200&ssl=1","width":350,"height":200,"srcset":"https:\/\/i0.wp.com\/artstella-elixirs-floraux.com\/wp-content\/uploads\/2025\/03\/wp-image2352.png?resize=350%2C200&ssl=1 1x, https:\/\/i0.wp.com\/artstella-elixirs-floraux.com\/wp-content\/uploads\/2025\/03\/wp-image2352.png?resize=525%2C300&ssl=1 1.5x, https:\/\/i0.wp.com\/artstella-elixirs-floraux.com\/wp-content\/uploads\/2025\/03\/wp-image2352.png?resize=700%2C400&ssl=1 2x"},"classes":[]}],"_links":{"self":[{"href":"https:\/\/artstella-elixirs-floraux.com\/fr_fr\/wp-json\/wp\/v2\/product\/6343","targetHints":{"allow":["GET"]}}],"collection":[{"href":"https:\/\/artstella-elixirs-floraux.com\/fr_fr\/wp-json\/wp\/v2\/product"}],"about":[{"href":"https:\/\/artstella-elixirs-floraux.com\/fr_fr\/wp-json\/wp\/v2\/types\/product"}],"version-history":[{"count":0,"href":"https:\/\/artstella-elixirs-floraux.com\/fr_fr\/wp-json\/wp\/v2\/product\/6343\/revisions"}],"wp:featuredmedia":[{"embeddable":true,"href":"https:\/\/artstella-elixirs-floraux.com\/fr_fr\/wp-json\/wp\/v2\/media\/6344"}],"wp:attachment":[{"href":"https:\/\/artstella-elixirs-floraux.com\/fr_fr\/wp-json\/wp\/v2\/media?parent=6343"}],"wp:term":[{"taxonomy":"product_brand","embeddable":true,"href":"https:\/\/artstella-elixirs-floraux.com\/fr_fr\/wp-json\/wp\/v2\/product_brand?post=6343"},{"taxonomy":"product_cat","embeddable":true,"href":"https:\/\/artstella-elixirs-floraux.com\/fr_fr\/wp-json\/wp\/v2\/product_cat?post=6343"},{"taxonomy":"product_tag","embeddable":true,"href":"https:\/\/artstella-elixirs-floraux.com\/fr_fr\/wp-json\/wp\/v2\/product_tag?post=6343"}],"curies":[{"name":"wp","href":"https:\/\/api.w.org\/{rel}","templated":true}]}}