{"id":6361,"date":"2025-03-09T13:57:05","date_gmt":"2025-03-09T13:57:05","guid":{"rendered":"https:\/\/artstella-elixirs-floraux.com\/product\/spray-ocean-par-phi-50ml\/"},"modified":"2025-06-08T15:24:03","modified_gmt":"2025-06-08T15:24:03","slug":"spray-ocean-par-phi-50ml","status":"publish","type":"product","link":"https:\/\/artstella-elixirs-floraux.com\/fr_fr\/produit\/spray-ocean-par-phi-50ml\/","title":{"rendered":"Spray \u00ab\u00a0Oc\u00e9an\u00a0\u00bb par PHI 50ml"},"content":{"rendered":"<p>D\u00e9couvrez le Spray Oc\u00e9an R\u00e9g\u00e9n\u00e9ration, un produit innovant issu des profondeurs marines, con\u00e7u pour revitaliser votre corps et esprit. Ce spray unique offre une exp\u00e9rience rafra\u00eechissante gr\u00e2ce \u00e0 ses ingr\u00e9dients naturels, activant votre \u00e9nergie originelle non falsifi\u00e9e. Avec ses propri\u00e9t\u00e9s stimulantes et r\u00e9g\u00e9n\u00e9rantes, ce spray est id\u00e9al pour un boost d&rsquo;\u00e9nergie lors de vos journ\u00e9es bien remplies ou pour une pause bien-\u00eatre. Offrez-vous un moment de r\u00e9g\u00e9n\u00e9ration pur, inspir\u00e9 par la force revitalisante de l&rsquo;oc\u00e9an. Transformez votre quotidien et ressentez la diff\u00e9rence avec chaque vaporisation.<\/p>\n","protected":false},"excerpt":{"rendered":"<p><strong>Spray 50ml<\/strong> R\u00e9g\u00e9n\u00e9ration issue des profondeurs de la mer. Pour le rafra\u00eechissement \u00e9nerg\u00e9tique, a un effet stimulant et r\u00e9g\u00e9n\u00e9rant. Activation de notre information originelle non falsifi\u00e9e.<\/p>\n","protected":false},"featured_media":10488,"template":"","meta":[],"product_brand":[],"product_cat":[193,136],"product_tag":[],"class_list":{"0":"post-6361","1":"product","2":"type-product","3":"status-publish","4":"has-post-thumbnail","6":"product_cat-les-elixirs-ocean","7":"product_cat-les-elixirs-en-spray","9":"first","10":"instock","11":"taxable","12":"shipping-taxable","13":"purchasable","14":"product-type-simple"},"etheme_brands":{"errors":{"invalid_taxonomy":["Taxonomie non valide."]},"error_data":[]},"jetpack_sharing_enabled":true,"jetpack-related-posts":[{"id":6363,"url":"https:\/\/artstella-elixirs-floraux.com\/fr_fr\/produit\/spray-ocean-par-phi-200ml\/","url_meta":{"origin":6361,"position":0},"title":"Spray \u00ab\u00a0Oc\u00e9an\u00a0\u00bb par PHI 200ml","author":"eveapprill","date":"9 mars 2025","format":false,"excerpt":"Spray \"Oc\u00e9an\" par PHI 200ml R\u00e9g\u00e9n\u00e9ration issue des profondeurs de la mer. Pour le rafra\u00eechissement \u00e9nerg\u00e9tique, a un effet stimulant et r\u00e9g\u00e9n\u00e9rant. Activation de notre information originelle non falsifi\u00e9e","rel":"","context":"Article similaire","block_context":{"text":"Article similaire","link":""},"img":{"alt_text":"","src":"https:\/\/i0.wp.com\/artstella-elixirs-floraux.com\/wp-content\/uploads\/2025\/03\/wp-image2367.png?resize=350%2C200&ssl=1","width":350,"height":200,"srcset":"https:\/\/i0.wp.com\/artstella-elixirs-floraux.com\/wp-content\/uploads\/2025\/03\/wp-image2367.png?resize=350%2C200&ssl=1 1x, https:\/\/i0.wp.com\/artstella-elixirs-floraux.com\/wp-content\/uploads\/2025\/03\/wp-image2367.png?resize=525%2C300&ssl=1 1.5x"},"classes":[]},{"id":5132,"url":"https:\/\/artstella-elixirs-floraux.com\/fr_fr\/produit\/dreamers-awareness-spray-50ml\/","url_meta":{"origin":6361,"position":1},"title":"Dreamers Awareness spray 50ml","author":"eveapprill","date":"9 mars 2025","format":false,"excerpt":"Sprays pour les enfants et adultes : ce spray soutient la pr\u00e9sence, il\u00a0apaise tout en clarifiant les processus de pens\u00e9es. et permet de se prot\u00e9ger par rapport \u00e0 une surcharge de stimulis. Renforce la confiance.","rel":"","context":"Article similaire","block_context":{"text":"Article similaire","link":""},"img":{"alt_text":"","src":"https:\/\/i0.wp.com\/artstella-elixirs-floraux.com\/wp-content\/uploads\/2025\/03\/2071a046-f4ff-46ac-ab33-c30eddc888b0.jpg?resize=350%2C200&ssl=1","width":350,"height":200,"srcset":"https:\/\/i0.wp.com\/artstella-elixirs-floraux.com\/wp-content\/uploads\/2025\/03\/2071a046-f4ff-46ac-ab33-c30eddc888b0.jpg?resize=350%2C200&ssl=1 1x, https:\/\/i0.wp.com\/artstella-elixirs-floraux.com\/wp-content\/uploads\/2025\/03\/2071a046-f4ff-46ac-ab33-c30eddc888b0.jpg?resize=525%2C300&ssl=1 1.5x, https:\/\/i0.wp.com\/artstella-elixirs-floraux.com\/wp-content\/uploads\/2025\/03\/2071a046-f4ff-46ac-ab33-c30eddc888b0.jpg?resize=700%2C400&ssl=1 2x"},"classes":[]},{"id":5348,"url":"https:\/\/artstella-elixirs-floraux.com\/fr_fr\/produit\/emergency-spray-50ml-urgence\/","url_meta":{"origin":6361,"position":2},"title":"EMERGENCY SPRAY 50ML Urgence","author":"eveapprill","date":"9 mars 2025","format":false,"excerpt":"Le spray Emergency (situation d\u2019urgence) Dans les situations de panique, d\u00e9tresse, peur, ce spray vous aidera \u00e0 trouver de l\u2019apaisement.","rel":"","context":"Article similaire","block_context":{"text":"Article similaire","link":""},"img":{"alt_text":"","src":"","width":0,"height":0},"classes":[]},{"id":5128,"url":"https:\/\/artstella-elixirs-floraux.com\/fr_fr\/produit\/concentration-spray-50ml\/","url_meta":{"origin":6361,"position":3},"title":"Concentration Spray 50ml","author":"eveapprill","date":"9 mars 2025","format":false,"excerpt":"Sprays pour les enfants :ce spray \"concentration\" favorise l'apprentissage (valable aussi pour les adultes)","rel":"","context":"Article similaire","block_context":{"text":"Article similaire","link":""},"img":{"alt_text":"","src":"https:\/\/i0.wp.com\/artstella-elixirs-floraux.com\/wp-content\/uploads\/2025\/03\/9a7cf054-da90-4a10-82e9-9ab7ad1819c0.jpg?resize=350%2C200&ssl=1","width":350,"height":200,"srcset":"https:\/\/i0.wp.com\/artstella-elixirs-floraux.com\/wp-content\/uploads\/2025\/03\/9a7cf054-da90-4a10-82e9-9ab7ad1819c0.jpg?resize=350%2C200&ssl=1 1x, https:\/\/i0.wp.com\/artstella-elixirs-floraux.com\/wp-content\/uploads\/2025\/03\/9a7cf054-da90-4a10-82e9-9ab7ad1819c0.jpg?resize=525%2C300&ssl=1 1.5x, https:\/\/i0.wp.com\/artstella-elixirs-floraux.com\/wp-content\/uploads\/2025\/03\/9a7cf054-da90-4a10-82e9-9ab7ad1819c0.jpg?resize=700%2C400&ssl=1 2x"},"classes":[]},{"id":5130,"url":"https:\/\/artstella-elixirs-floraux.com\/fr_fr\/produit\/calming-down-spray-50ml\/","url_meta":{"origin":6361,"position":4},"title":"Calming down spray 50ml","author":"eveapprill","date":"9 mars 2025","format":false,"excerpt":"Sprays pour les enfants : un spray apaisant qui permet de retrouver le calme dans les moments de stress et d'agitation, pour les enfants impulsifs.","rel":"","context":"Article similaire","block_context":{"text":"Article similaire","link":""},"img":{"alt_text":"","src":"https:\/\/i0.wp.com\/artstella-elixirs-floraux.com\/wp-content\/uploads\/2025\/03\/8b6c0b3f-9d9b-4c6e-bf3c-63ff73e57686.jpg?resize=350%2C200&ssl=1","width":350,"height":200,"srcset":"https:\/\/i0.wp.com\/artstella-elixirs-floraux.com\/wp-content\/uploads\/2025\/03\/8b6c0b3f-9d9b-4c6e-bf3c-63ff73e57686.jpg?resize=350%2C200&ssl=1 1x, https:\/\/i0.wp.com\/artstella-elixirs-floraux.com\/wp-content\/uploads\/2025\/03\/8b6c0b3f-9d9b-4c6e-bf3c-63ff73e57686.jpg?resize=525%2C300&ssl=1 1.5x, https:\/\/i0.wp.com\/artstella-elixirs-floraux.com\/wp-content\/uploads\/2025\/03\/8b6c0b3f-9d9b-4c6e-bf3c-63ff73e57686.jpg?resize=700%2C400&ssl=1 2x"},"classes":[]},{"id":6034,"url":"https:\/\/artstella-elixirs-floraux.com\/fr_fr\/produit\/elixir-ocean-n03-phi15ml\/","url_meta":{"origin":6361,"position":5},"title":"ELIXIR OCEAN N\u00b003 PHI15ML","author":"eveapprill","date":"9 mars 2025","format":false,"excerpt":"De la m\u00eame fa\u00e7on que l\u2019animal monte des profondeurs, l\u2019\u00e9lixir fait remonter l\u2019information des profondeurs de l\u2019inconscient \u00e0 la surface. L\u2019ancien peut \u00eatre l\u00e2ch\u00e9 et nettoy\u00e9. Il agit \u00e9nerg\u00e9tiquement sur la r\u00e9g\u00e9n\u00e9ration cellulaire. Le vieux peut \u00eatre remplac\u00e9 par du nouveau. Rajeunit \u00e9nerg\u00e9tique. Il stimule le m\u00e9tabolisme \u00e9galement des plaquettes\u2026","rel":"","context":"Article similaire","block_context":{"text":"Article similaire","link":""},"img":{"alt_text":"","src":"https:\/\/i0.wp.com\/artstella-elixirs-floraux.com\/wp-content\/uploads\/2025\/03\/wp-image2041.png?resize=350%2C200&ssl=1","width":350,"height":200},"classes":[]}],"_links":{"self":[{"href":"https:\/\/artstella-elixirs-floraux.com\/fr_fr\/wp-json\/wp\/v2\/product\/6361","targetHints":{"allow":["GET"]}}],"collection":[{"href":"https:\/\/artstella-elixirs-floraux.com\/fr_fr\/wp-json\/wp\/v2\/product"}],"about":[{"href":"https:\/\/artstella-elixirs-floraux.com\/fr_fr\/wp-json\/wp\/v2\/types\/product"}],"version-history":[{"count":0,"href":"https:\/\/artstella-elixirs-floraux.com\/fr_fr\/wp-json\/wp\/v2\/product\/6361\/revisions"}],"wp:featuredmedia":[{"embeddable":true,"href":"https:\/\/artstella-elixirs-floraux.com\/fr_fr\/wp-json\/wp\/v2\/media\/10488"}],"wp:attachment":[{"href":"https:\/\/artstella-elixirs-floraux.com\/fr_fr\/wp-json\/wp\/v2\/media?parent=6361"}],"wp:term":[{"taxonomy":"product_brand","embeddable":true,"href":"https:\/\/artstella-elixirs-floraux.com\/fr_fr\/wp-json\/wp\/v2\/product_brand?post=6361"},{"taxonomy":"product_cat","embeddable":true,"href":"https:\/\/artstella-elixirs-floraux.com\/fr_fr\/wp-json\/wp\/v2\/product_cat?post=6361"},{"taxonomy":"product_tag","embeddable":true,"href":"https:\/\/artstella-elixirs-floraux.com\/fr_fr\/wp-json\/wp\/v2\/product_tag?post=6361"}],"curies":[{"name":"wp","href":"https:\/\/api.w.org\/{rel}","templated":true}]}}